
{"id":1152,"date":"2014-08-24T10:18:31","date_gmt":"2014-08-24T10:18:31","guid":{"rendered":"http:\/\/aprise.lv\/par-mums-2"},"modified":"2015-10-23T22:43:32","modified_gmt":"2015-10-23T20:43:32","slug":"par-mums","status":"publish","type":"page","link":"https:\/\/aprise.lv\/ru\/par-mums\/","title":{"rendered":"\u041e \u041d\u0410\u0421"},"content":{"rendered":"<p style=\"text-align: center;\">\u00a0\u00a0\u00a0<a href=\"http:\/\/aprise.lv\/par-mums\/attachment\/eriks_ru\/\" rel=\"attachment wp-att-2139\"><img loading=\"lazy\" decoding=\"async\" width=\"176\" height=\"176\" class=\"alignnone size-full wp-image-2139\" src=\"http:\/\/aprise.lv\/wp-content\/uploads\/2014\/08\/Eriks_ru.jpg\" alt=\"Eriks_ru\" srcset=\"https:\/\/aprise.lv\/wp-content\/uploads\/2014\/08\/Eriks_ru.jpg 176w, https:\/\/aprise.lv\/wp-content\/uploads\/2014\/08\/Eriks_ru-150x150.jpg 150w, https:\/\/aprise.lv\/wp-content\/uploads\/2014\/08\/Eriks_ru-75x75.jpg 75w\" sizes=\"(max-width: 176px) 100vw, 176px\" \/><\/a> <a href=\"http:\/\/aprise.lv\/par-mums\/attachment\/ilze_ru\/\" rel=\"attachment wp-att-2140\"><img loading=\"lazy\" decoding=\"async\" width=\"176\" height=\"176\" class=\"alignnone size-medium wp-image-2140\" src=\"http:\/\/aprise.lv\/wp-content\/uploads\/2014\/08\/Ilze_ru.jpg\" alt=\"Ilze_ru\" srcset=\"https:\/\/aprise.lv\/wp-content\/uploads\/2014\/08\/Ilze_ru.jpg 176w, https:\/\/aprise.lv\/wp-content\/uploads\/2014\/08\/Ilze_ru-150x150.jpg 150w, https:\/\/aprise.lv\/wp-content\/uploads\/2014\/08\/Ilze_ru-75x75.jpg 75w\" sizes=\"(max-width: 176px) 100vw, 176px\" \/><\/a> <a href=\"http:\/\/aprise.lv\/par-mums\/attachment\/kristine_ru\/\" rel=\"attachment wp-att-2141\"><img loading=\"lazy\" decoding=\"async\" width=\"176\" height=\"176\" class=\"alignnone size-medium wp-image-2141\" src=\"http:\/\/aprise.lv\/wp-content\/uploads\/2014\/08\/Kristine_ru.jpg\" alt=\"Kristine_ru\" srcset=\"https:\/\/aprise.lv\/wp-content\/uploads\/2014\/08\/Kristine_ru.jpg 176w, https:\/\/aprise.lv\/wp-content\/uploads\/2014\/08\/Kristine_ru-150x150.jpg 150w, https:\/\/aprise.lv\/wp-content\/uploads\/2014\/08\/Kristine_ru-75x75.jpg 75w\" sizes=\"(max-width: 176px) 100vw, 176px\" \/><\/a><\/p>\n<p>\u0412\u043b\u0430\u0434\u0435\u043b\u0435\u0446 \u043f\u0440\u0435\u0434\u043f\u0440\u0438\u044f\u0442\u0438\u044f <strong>\u042d\u0440\u0438\u043a \u0427\u043e\u0434\u0430\u0440\u0441<\/strong> \u2013 \u0441\u0435\u0440\u0442\u0438\u0444\u0438\u0446\u0438\u0440\u043e\u0432\u0430\u043d\u043d\u044b\u0439 \u043c\u0430\u0441\u0442\u0435\u0440 \u043f\u043e \u043a\u0430\u043c\u0438\u0438\u043d\u0430\u043c, \u0438 \u043a\u0430\u0447\u0435\u0441\u0442\u0432\u043e \u0441\u0432\u043e\u0435\u0439 \u0440\u0430\u0431\u043e\u0442\u044b \u0434\u043e\u043a\u0430\u0437\u0430\u043b, \u0440\u0430\u0431\u043e\u0442\u0430\u044f \u043d\u0435 \u0442\u043e\u043b\u044c\u043a\u043e \u0432 \u043a\u0430\u043c\u0438\u043d\u043d\u043e-\u0441\u0442\u0440\u043e\u0438\u0442\u0435\u043b\u044c\u043d\u044b\u0445 k\u043e\u043c\u043f\u0430\u043d\u0438\u044f\u0445 \u041b\u0430\u0442\u0432\u0438\u0438 \u0438 \u043d\u0430 \u0420\u043e\u0441\u0441\u0438\u0439\u0441\u043a\u043e\u043c \u0440\u044b\u043d\u043a\u0435 \u0443\u0436\u0435 \u0431\u043e\u043b\u044c\u0448\u0435 \u0447\u0435\u043c 25 \u043b\u0435\u0442.<\/p>\n<p>\u0421\u043e\u0432\u043b\u0430\u0434\u0435\u043b\u0438\u0446\u0430 \u043f\u0440\u0435\u0434\u043f\u0440\u0438\u044f\u0442\u0438\u044f \u2013 <strong>\u0418\u043b\u0437\u0435 \u0427\u043e\u0434\u0430\u0440\u0435<\/strong> BC(Psyh) Mg(\u041c\u0411A) \u0437\u0430\u0431\u043e\u0442\u0438\u0442\u0441\u044f \u043e \u0441\u043e\u0442\u0440\u0443\u0434\u043d\u0438\u0447\u0435\u0441\u0442\u0432\u0435 \u0441 \u043a\u043b\u0438\u0435\u043d\u0442\u0430\u043c\u0438 \u0438 \u043f\u0430\u0440\u0442\u043d\u0435\u0440\u0430\u043c\u0438.<\/p>\n<p>\u0421\u043f\u0435\u0446\u0438\u0430\u043b\u0438\u0441\u0442 \u043f\u043e \u043e\u0431\u0449\u0435\u0441\u0442\u0432\u0435\u043d\u043d\u044b\u043c \u043e\u0442\u043d\u043e\u0448\u0435\u043d\u0438\u044f\u043c \u0438 \u0440\u0430\u0437\u0432\u0438\u0442\u0438\u044f \u043c\u0430\u0440\u043a\u0435\u0442\u0438\u043d\u0433\u0430 <strong>\u041a\u0440\u0438\u0441\u0442\u0438\u043d\u0435 \u0413\u0435\u0438\u0434\u0430<\/strong>, \u0441 \u043e\u043f\u0438\u0442\u043e\u043c PR \u0438 \u043a\u043e\u043c\u0443\u043d\u0438\u043a\u0430\u0446\u0438\u0438 \u0431\u043e\u043b\u0435\u0435 \u0447\u0435\u043c 4 \u0433\u043e\u0434\u0430-\u0437\u0430\u0431\u043e\u0442\u0438\u0442\u044c\u0441\u044f \u043e\u0431 \u0438\u043c\u0438\u0434\u0436\u0435 \u043a\u043e\u043c\u043f\u0430\u043d\u0438\u0438.<\/p>\n<p><strong>SIA \u201eAprise\u201d<\/strong> ir \u0123imenes uz\u0146\u0113mums, kas nodarbojas ar dizaina kam\u012bnu, kam\u012bnkr\u0101\u0161\u0146u un podi\u0146u kr\u0101\u0161\u0146u izveidi. Klientiem tiek pied\u0101v\u0101ts r\u016bp\u012bgi izstr\u0101d\u0101ts projekts \u2013 s\u0101kot ar pas\u016bt\u012bt\u0101ja v\u0113lmju konkretiz\u0113\u0161anu, projekt\u0113\u0161anas darbiem l\u012bdz gatava projekta izstr\u0101dei.<\/p>\n<p><strong>\u041e\u041e\u041e \u00abAprise\u00bb<\/strong> &#8212; \u0441\u0435\u043c\u0435\u0439\u043d\u043e\u0435 \u043f\u0440\u0435\u0434\u043f\u0440\u0438\u044f\u0442\u0438\u0435, \u043a\u043e\u0442\u043e\u0440\u043e\u0435 \u0437\u0430\u043d\u0438\u043c\u0430\u0435\u0442\u0441\u044f \u0441 \u043f\u0440\u043e\u0438\u0437\u0432\u043e\u0434\u0441\u0442\u0432\u043e\u043c \u0434\u0438\u0437\u0430\u0439\u043d \u043a\u0430\u043c\u0438\u043d\u043e\u0432, \u043f\u0435\u0447\u0435\u0439- \u043a\u0430\u043c\u0438\u043d\u043e\u0432\u00a0 \u0438 \u0438\u0437\u0440\u0430\u0437\u0446\u043e\u0432\u044b\u0445 \u043f\u0435\u0447\u0435\u0439. \u041a\u043b\u0438\u0435\u043d\u0442\u0430\u043c \u043f\u0440\u0435\u0434\u043b\u0430\u0433\u0430\u0435\u0442\u0441\u044f \u0442\u0449\u0430\u0442\u0435\u043b\u044c\u043d\u043e \u0440\u0430\u0437\u0440\u0430\u0431\u043e\u0442\u0430\u043d\u043d\u044b\u0439 \u043f\u0440\u043e\u0435\u043a\u0442 \u2013 \u043d\u0430\u0447\u0438\u043d\u0430\u044f \u0441 \u043e\u043f\u0440\u0435\u0434\u0435\u043b\u0435\u043d\u0438\u044f \u0436\u0435\u043b\u0430\u043d\u0438\u044f \u043a\u043b\u0438\u0435\u043d\u0442\u0430, \u043f\u0440\u043e\u0435\u043a\u0442\u0438\u0440\u043e\u0432\u0430\u043d\u0438\u0435\u043c \u0438 \u0434\u043e \u0441\u043e\u0437\u0434\u0430\u043d\u0438\u044f \u0433\u043e\u0442\u043e\u0432\u043e\u0433\u043e \u043f\u0440\u043e\u0435\u043a\u0442\u0430.<\/p>\n<p>\u041f\u0440\u0435\u0434\u043f\u0440\u0438\u044f\u0442\u0438\u0435 \u043d\u0435 \u0438\u043c\u0435\u0435\u0442 \u00a0\u0441\u0442\u0430\u043d\u0434\u0430\u0440\u0442\u043d\u043e\u0433\u043e \u0440\u0435\u0448\u0435\u043d\u0438\u044f \u2013 \u043a\u0430\u0436\u0434\u044b\u0439 \u043f\u0440\u043e\u0435\u043a\u0442 \u043e\u0441\u043e\u0431\u0435\u043d\u043d\u044b\u0439, \u0442\u0430\u043a \u043a\u0430\u043a \u0441\u043e\u0437\u0434\u0430\u0451\u0442 \u043e\u0447\u0430\u0433 &#8212; \u0446\u0435\u043d\u0442\u0440\u0430\u043b\u044c\u043d\u043e\u0435 \u043c\u0435\u0441\u0442\u043e \u043a\u0430\u0436\u0434\u043e\u0433\u043e \u0434\u043e\u043c\u0430, \u0433\u0434\u0435 \u0441\u043e\u0431\u0435\u0440\u0430\u0435\u0442\u0441\u044c\u044f \u0432\u043c\u0435\u0441\u0442\u0438 \u0432\u0441\u044f \u0441\u0435\u043c\u044c\u044f, \u0434\u0440\u0443\u0437\u044c\u044f, \u043f\u0430\u0440\u0442\u043d\u0451\u0440\u044b, \u043f\u0440\u0438 \u043a\u043e\u0442\u043e\u0440\u043e\u043c \u0446\u0430\u0440\u0438\u0442 \u0441\u043e\u0434\u0440\u0443\u0436\u0435\u0441\u0442\u0432\u043e, \u043c\u0438\u0440, \u0440\u0430\u0434\u043e\u0441\u0442\u044c \u0438 \u043b\u044e\u0431\u043e\u0432\u044c. \u041d\u0435 \u0437\u0440\u044f \u0442\u0430\u043a \u0434\u0435\u0432\u0438\u0437 \u043f\u0440\u0435\u0434\u043f\u0440\u0438\u044f\u0442\u0438\u044f \u2013 \u00ab\u041e\u0442 \u043a\u043e\u043d\u0442\u0443\u0440\u043e\u0432 \u0434\u043e \u0448\u0435\u0434\u0435\u0432\u0440\u0430\u00bb.<\/p>\n<p>\u041f\u0440\u0435\u0434\u043f\u0440\u0438\u044f\u0442\u0438\u0435 \u043c\u043e\u0436\u0435\u0442 \u0433\u043e\u0440\u0434\u0438\u0442\u044c\u0441\u044f \u0438\u043d\u0434\u0438\u0432\u0438\u0434\u0443\u0430\u043b\u044c\u043d\u044b\u043c \u043f\u043e\u0434\u0445\u043e\u0434\u043e\u043c \u043a \u043a\u0430\u0436\u0434\u043e\u043c\u0443 \u043a\u043b\u0438\u0435\u043d\u0442\u0443. \u0421\u043e\u0437\u0434\u0430\u0432\u0430\u044f \u0438\u043d\u0434\u0438\u0432\u0438\u0434\u0443\u0430\u043b\u044c\u043d\u044b\u0435 \u043f\u0440\u043e\u0435\u043a\u0442\u044b \u043d\u0435 \u0437\u0430\u0431\u044b\u0432\u0430\u0435\u043c \u0438 \u043e \u0438\u0437\u0440\u0430\u0437\u0446\u043e\u0432, \u0442\u0435\u043f\u043b\u043e\u043d\u0430\u043a\u043e\u043f\u0438\u0442\u0435\u043b\u044c\u043d\u044b\u0445 \u043f\u043b\u0430\u0441\u0442\u0438\u043d\u0430\u0445, \u0430 \u0442\u0430\u043a \u0436\u0435 \u0438\u0441\u043f\u043e\u043b\u044c\u0437\u043e\u0432\u0430\u043d\u0438\u0438 \u0434\u0440\u0443\u0433\u0438\u0445\u00a0 \u043c\u0430\u0442\u0435\u0440\u0438\u0430\u043b\u043e\u0432, \u0441\u043e\u0445\u0440\u0430\u043d\u044f\u044e\u0449\u0438\u0445 \u0442\u0435\u043f\u043b\u043e.<\/p>\n<p>\u0422\u043e\u0447\u043d\u043e\u0441\u0442\u044c, \u0438\u043d\u0434\u0438\u0432\u0438\u0434\u0443\u0430\u043b\u044c\u043d\u044b\u0439 \u043f\u043e\u0434\u0445\u043e\u0434 \u043a \u043a\u0430\u0436\u0434\u043e\u043c\u0443 \u043f\u0440\u043e\u0435\u043a\u0442\u0443 \u0438 \u043a\u043e\u043d\u043a\u0443\u0440\u0435\u043d\u0442\u043d\u044b\u0439 \u043e\u043f\u044b\u0442 \u2013 \u044d\u0442\u043e \u0442\u0440\u0438 \u0432\u0435\u0449\u0438, \u043a\u043e\u0442\u043e\u0440\u044b\u0435 \u043b\u0443\u0447\u0448\u0435 \u0432\u0441\u0435\u0433\u043e \u0445\u0430\u0440\u0430\u043a\u0442\u0435\u0440\u0438\u0437\u0443\u044e\u0442 \u0440\u0430\u0431\u043e\u0442\u0443 \u043a\u043e\u043b\u043b\u0435\u043a\u0442\u0438\u0432\u0430 \u00abAprise\u00bb.<\/p>\n<p>\u00abAprise\u00bb &#8212; \u044d\u0442\u043e \u043f\u0440\u0435\u0434\u043f\u0440\u0438\u044f\u0442\u0438\u0435 \u0441 \u043a\u043e\u043d\u043a\u0440\u0435\u0442\u043d\u044b\u043c \u0432\u0438\u0434\u0435\u043d\u0438\u0435\u043c \u2013 \u043a\u0430\u0436\u0434\u044b\u043c \u0441\u0432\u043e\u0438\u043c \u043f\u0440\u043e\u0435\u043a\u0442\u043e\u043c \u043f\u0440\u0438\u043d\u043e\u0441\u0438\u0442\u044c \u041d\u0435\u0431\u0435\u0441\u043d\u043e\u0435 \u0426\u0430\u0440\u0441\u0442\u0432\u043e \u0432 \u043a\u0430\u0436\u0434\u044b\u0439 \u0434\u043e\u043c, \u0430 \u0442\u0430\u043a \u0436\u0435 \u0441 \u043a\u043e\u043c\u0430\u043d\u0434\u043e\u0439, \u043a\u043e\u0442\u043e\u0440\u0430\u044f \u0438\u043c\u0435\u0435\u0442 \u0431\u043e\u043b\u044c\u0448\u043e\u0439 \u043e\u043f\u044b\u0442 \u0438 \u0432\u043e\u0437\u043c\u043e\u0436\u043d\u043e\u0441\u0442\u0438 \u0440\u0435\u0430\u043b\u0438\u0437\u043e\u0432\u0430\u0442\u044c \u0441\u0430\u043c\u044b\u0435 \u0441\u043c\u0435\u043b\u044b\u0435 \u0434\u0438\u0437\u0430\u0439\u043d\u0435\u0440\u0441\u043a\u0438\u0435 \u0438\u0434\u0435\u0438.<\/p>\n<p><strong><u>\u041d\u0430\u0448\u0438 \u0446\u0435\u043d\u043d\u0430\u0441\u0442\u0438<\/u><\/strong><\/p>\n<p><strong>\u0412\u0435\u0440\u0430<\/strong><\/p>\n<p>\u042f \u0432\u0435\u0440\u044e \u0432 \u0411\u043e\u0433\u0430, \u0418\u0438\u0441\u0443\u0441\u0430 \u0425\u0440\u0438\u0441\u0442\u0430 \u0438 \u0421\u0432\u044f\u0442\u043e\u0433\u043e \u0414\u0443\u0445\u0430. &#171;\u041d\u0430\u0447\u0430\u043b\u043e \u043c\u0443\u0434\u0440\u043e\u0441\u0442\u0438 &#8212; \u0441\u0442\u0440\u0430\u0445 \u0413\u043e\u0441\u043f\u043e\u0434\u0435\u043d\u044c.&#187; \/\u041f\u0441.110:10\/<\/p>\n<p><strong>\u0421\u043f\u0440\u0430\u0432\u0435\u0434\u043b\u0438\u0432\u043e\u0441\u0442\u044c<\/strong><\/p>\n<p>\u0421\u043f\u0440\u0430\u0432\u0435\u0434\u043b\u0438\u0432\u043e\u0441\u0442\u044c \u0432 \u043e\u0441\u043d\u043e\u0432\u0435 \u043c\u043e\u0438\u0445 \u0440\u0435\u0448\u0435\u043d\u0438\u0439. &#171;\u043f\u0440\u0430\u0432\u0434\u0430 \u0435\u0433\u043e \u043f\u0440\u0435\u0431\u044b\u0432\u0430\u0435\u0442 \u0432\u043e \u0432\u0435\u043a\u0438; \u0440\u043e\u0433 \u0435\u0433\u043e \u0432\u043e\u0437\u043d\u0435\u0441\u0435\u0442\u0441\u044f \u0432\u043e \u0441\u043b\u0430\u0432\u0435.&#187; \/\u041f\u0441.111:9\/<\/p>\n<p><strong>\u0427\u0435\u0441\u0442\u043d\u043e\u0441\u0442\u044c<\/strong><\/p>\n<p>\u0412\u0441 \u0441\u0432\u043e\u0435\u0439 \u0434\u0435\u044f\u0442\u0435\u043b\u044c\u043d\u043e\u0441\u0442\u0438 \u044f \u0440\u0430\u0431\u043e\u0442\u0430\u044e \u043f\u043e \u043f\u0440\u0438\u043d\u0446\u0438\u043f\u0430\u043c \u0447\u0435\u0441\u0442\u043d\u043e\u0441\u0442\u0438. &#171;\u041d\u0435\u0432\u0435\u0440\u043d\u044b\u0435 \u0432\u0435\u0441\u044b &#8212; \u043c\u0435\u0440\u0437\u043e\u0441\u0442\u044c \u043f\u0440\u0435\u0434 \u0413\u043e\u0441\u043f\u043e\u0434\u043e\u043c, \u043d\u043e \u043f\u0440\u0430\u0432\u0438\u043b\u044c\u043d\u044b\u0439 \u0432\u0435\u0441 \u0443\u0433\u043e\u0434\u0435\u043d \u0415\u043c\u0443.&#187; \/\u041f\u0440\u0438\u0442\u0447\u0438 11.1\/<\/p>\n<p><strong>\u0423\u0432\u0430\u0436\u0435\u043d\u0438\u0435<\/strong><\/p>\n<p>\u042f \u0441\u043e\u0437\u0438\u0434\u0430\u044e \u043a\u0443\u043b\u044c\u0442\u0443\u0440\u0443 \u0443\u0432\u0430\u0436\u0435\u043d\u0438\u044f \u0440\u0430\u0431\u043e\u0442\u0430\u044f \u0441 \u0434\u0440\u0443\u0433\u0438\u043c\u0438. &#171;\u0418\u0442\u0430\u043a \u043e\u0442\u0434\u0430\u0432\u0430\u0439\u0442\u0435 \u0432\u0441\u044f\u043a\u043e\u043c\u0443 \u0434\u043e\u043b\u0436\u043d\u043e\u0435: \u043a\u043e\u043c\u0443 \u043f\u043e\u0434\u0430\u0442\u044c, \u043f\u043e\u0434\u0430\u0442\u044c; \u043a\u043e\u043c\u0443 \u043e\u0431\u0440\u043e\u043a, \u043e\u0431\u0440\u043e\u043a; \u043a\u043e\u043c\u0443 \u0441\u0442\u0440\u0430\u0445, \u0441\u0442\u0440\u0430\u0445; \u043a\u043e\u043c\u0443 \u0447\u0435\u0441\u0442\u044c, \u0447\u0435\u0441\u0442\u044c.&#187; \/\u0420\u0438\u043c.13:7\/<\/p>\n<p><strong>\u0414\u043e\u0432\u0435\u0440\u0438\u0435 \u0438 \u041e\u0442\u0432\u0435\u0442\u0441\u0442\u0432\u0435\u043d\u043d\u043e\u0441\u0442\u044c<\/strong><\/p>\n<p>\u042f \u0432\u0435\u0440\u0435\u043d \u0411\u043e\u0436\u044c\u0435\u043c\u0443 \u0421\u043b\u043e\u0432\u0443 \u0438 \u0434\u0435\u043b\u0430\u044e \u0432\u0441\u0451, \u0447\u0442\u043e \u043c\u043d\u0435 \u0434\u043e\u0432\u0435\u0440\u0435\u043d\u043e. &#171;\u041c\u0438\u043b\u043e\u0441\u0442\u044c \u0438 \u0438\u0441\u0442\u0438\u043d\u0430 \u0441\u0440\u0435\u0442\u044f\u0442\u0441\u044f, \u0438 \u0438\u0441\u0442\u0438\u043d\u0430 \u0432\u043e\u0437\u043d\u0438\u043a\u043d\u0435\u0442 \u0438\u0437 \u0437\u0435\u043c\u043b\u0438, \u0438 \u043f\u0440\u0430\u0432\u0434\u0430 \u043f\u0440\u0438\u043d\u0438\u043a\u043d\u0435\u0442 \u0441 \u043d\u0435\u0431\u0435\u0441.&#187; \/\u041f\u0441. 85: 11,12\/<\/p>\n<p><strong>\u041b\u044e\u0431\u043e\u0432\u044c<\/strong><\/p>\n<p>\u0421\u043e \u0432\u0441\u0435\u043c\u0438, \u043a\u043e\u0433\u043e \u0432\u0441\u0442\u0440\u0435\u0447\u0443 \u0437\u0438\u0434\u0430\u044e \u043f\u043e\u043b\u043d\u044b\u0435 \u043b\u044e\u0431\u0432\u0438 \u043e\u0442\u043d\u043e\u0448\u0435\u043d\u0438\u044f. &#171;\u0438\u0431\u043e \u0434\u0430\u043b \u043d\u0430\u043c \u0411\u043e\u0433 \u0434\u0443\u0445\u0430 \u043d\u0435 \u0431\u043e\u044f\u0437\u043d\u0438, \u043d\u043e \u0441\u0438\u043b\u044b \u0438 \u043b\u044e\u0431\u0432\u0438 \u0438 \u0446\u0435\u043b\u043e\u043c\u0443\u0434\u0440\u0438\u044f.&#187; \/2 \u0422\u0438\u043c.1:7\/<\/p>\n<p><strong>\u0411\u043b\u0430\u0433\u043e\u0434\u0430\u0440\u043d\u043e\u0441\u0442\u044c<\/strong><\/p>\n<p>\u0417\u0430 \u0432\u0441\u0451, \u0447\u0442\u043e \u044f \u0434\u043e\u0441\u0442\u0438\u0433, \u0431\u043b\u0430\u0433\u043e\u0434\u0430\u0440\u044e \u0411\u043e\u0433\u0430 \u0438 \u0441\u0432\u0438\u0434\u0435\u0442\u0435\u043b\u044c\u0441\u0442\u0432\u0443\u044e \u043e \u0415\u0433\u043e \u0434\u0435\u043b\u0430\u0445 \u0432 \u043c\u043e\u0435\u0439 \u0436\u0438\u0437\u043d\u0438. &#171;\u0413\u043e\u0442\u043e\u0432 \u043f\u0435\u0440\u0435\u0434\u0430\u0442\u044c \u0434\u0430\u043b\u044c\u0448\u0435 \u0442\u043e, \u0447\u0442\u043e \u0441\u0430\u043c \u043f\u043e\u043b\u0443\u0447\u0438\u043b. \u0442\u0430\u043a \u0447\u0442\u043e\u0431\u044b \u0432\u044b \u0432\u0441\u0435\u043c \u0431\u043e\u0433\u0430\u0442\u044b \u0431\u044b\u043b\u0438 \u043d\u0430 \u0432\u0441\u044f\u043a\u0443\u044e \u0449\u0435\u0434\u0440\u043e\u0441\u0442\u044c, \u043a\u043e\u0442\u043e\u0440\u0430\u044f \u0447\u0435\u0440\u0435\u0437 \u043d\u0430\u0441 \u043f\u0440\u043e\u0438\u0437\u0432\u043e\u0434\u0438\u0442 \u0431\u043b\u0430\u0433\u043e\u0434\u0430\u0440\u0435\u043d\u0438\u0435 \u0411\u043e\u0433\u0443.. &#171;\/ 2\u041a\u043e\u0440. 9:11\/<\/p>\n","protected":false},"excerpt":{"rendered":"<p>\u00a0\u00a0\u00a0 \u0412\u043b\u0430\u0434\u0435\u043b\u0435\u0446 \u043f\u0440\u0435\u0434\u043f\u0440\u0438\u044f\u0442\u0438\u044f \u042d\u0440\u0438\u043a \u0427\u043e\u0434\u0430\u0440\u0441 \u2013 \u0441\u0435\u0440\u0442\u0438\u0444\u0438\u0446\u0438\u0440\u043e\u0432\u0430\u043d\u043d\u044b\u0439 \u043c\u0430\u0441\u0442\u0435\u0440 \u043f\u043e \u043a\u0430\u043c\u0438\u0438\u043d\u0430\u043c, \u0438 \u043a\u0430\u0447\u0435\u0441\u0442\u0432\u043e \u0441\u0432\u043e\u0435\u0439 \u0440\u0430\u0431\u043e\u0442\u044b \u0434\u043e\u043a\u0430\u0437\u0430\u043b, \u0440\u0430\u0431\u043e\u0442\u0430\u044f \u043d\u0435 \u0442\u043e\u043b\u044c\u043a\u043e \u0432 \u043a\u0430\u043c\u0438\u043d\u043d\u043e-\u0441\u0442\u0440\u043e\u0438\u0442\u0435\u043b\u044c\u043d\u044b\u0445 k\u043e\u043c\u043f\u0430\u043d\u0438\u044f\u0445 \u041b\u0430\u0442\u0432\u0438\u0438 \u0438 \u043d\u0430 \u0420\u043e\u0441\u0441\u0438\u0439\u0441\u043a\u043e\u043c \u0440\u044b\u043d\u043a\u0435 \u0443\u0436\u0435 \u0431\u043e\u043b\u044c\u0448\u0435 \u0447\u0435\u043c 25 \u043b\u0435\u0442. \u0421\u043e\u0432\u043b\u0430\u0434\u0435\u043b\u0438\u0446\u0430 \u043f\u0440\u0435\u0434\u043f\u0440\u0438\u044f\u0442\u0438\u044f \u2013 \u0418\u043b\u0437\u0435 \u0427\u043e\u0434\u0430\u0440\u0435 BC(Psyh) Mg(\u041c\u0411A) \u0437\u0430\u0431\u043e\u0442\u0438\u0442\u0441\u044f \u043e \u0441\u043e\u0442\u0440\u0443\u0434\u043d\u0438\u0447\u0435\u0441\u0442\u0432\u0435 \u0441 \u043a\u043b\u0438\u0435\u043d\u0442\u0430\u043c\u0438 \u0438 \u043f\u0430\u0440\u0442\u043d\u0435\u0440\u0430\u043c\u0438. \u0421\u043f\u0435\u0446\u0438\u0430\u043b\u0438\u0441\u0442 \u043f\u043e \u043e\u0431\u0449\u0435\u0441\u0442\u0432\u0435\u043d\u043d\u044b\u043c \u043e\u0442\u043d\u043e\u0448\u0435\u043d\u0438\u044f\u043c \u0438 \u0440\u0430\u0437\u0432\u0438\u0442\u0438\u044f \u043c\u0430\u0440\u043a\u0435\u0442\u0438\u043d\u0433\u0430 \u041a\u0440\u0438\u0441\u0442\u0438\u043d\u0435 \u0413\u0435\u0438\u0434\u0430, \u0441 [&hellip;]<\/p>\n","protected":false},"author":3,"featured_media":0,"parent":0,"menu_order":0,"comment_status":"open","ping_status":"open","template":"page-par-mums.php","meta":{"ngg_post_thumbnail":0,"footnotes":""},"aioseo_notices":[],"_links":{"self":[{"href":"https:\/\/aprise.lv\/ru\/wp-json\/wp\/v2\/pages\/1152"}],"collection":[{"href":"https:\/\/aprise.lv\/ru\/wp-json\/wp\/v2\/pages"}],"about":[{"href":"https:\/\/aprise.lv\/ru\/wp-json\/wp\/v2\/types\/page"}],"author":[{"embeddable":true,"href":"https:\/\/aprise.lv\/ru\/wp-json\/wp\/v2\/users\/3"}],"replies":[{"embeddable":true,"href":"https:\/\/aprise.lv\/ru\/wp-json\/wp\/v2\/comments?post=1152"}],"version-history":[{"count":17,"href":"https:\/\/aprise.lv\/ru\/wp-json\/wp\/v2\/pages\/1152\/revisions"}],"predecessor-version":[{"id":2143,"href":"https:\/\/aprise.lv\/ru\/wp-json\/wp\/v2\/pages\/1152\/revisions\/2143"}],"wp:attachment":[{"href":"https:\/\/aprise.lv\/ru\/wp-json\/wp\/v2\/media?parent=1152"}],"curies":[{"name":"wp","href":"https:\/\/api.w.org\/{rel}","templated":true}]}}